{"id":178,"date":"2015-03-20T11:49:42","date_gmt":"2015-03-20T11:49:42","guid":{"rendered":"http:\/\/66.147.242.175\/~lawaguir\/?page_id=178"},"modified":"2025-06-04T16:19:18","modified_gmt":"2025-06-04T20:19:18","slug":"inicio","status":"publish","type":"page","link":"https:\/\/lawaguirre.com\/es\/inicio\/","title":{"rendered":"Inicio"},"content":{"rendered":"<div class=\"about-staff\">\n<div class=\"about-staff-T\">\n<div class=\"about-staff-TL\">\n<h1>Sobre el Personal<\/h1>\n<\/div>\n<div class=\"about-staff-TR\">\n<div class=\"about-staff-TR-L\">\n<p><img decoding=\"async\" loading=\"lazy\" title=\"Call Us\" src=\"http:\/\/lawaguirre.com\/wp-content\/uploads\/2015\/03\/phone-icon.png\" alt=\"Contact Us\" \/><\/p>\n<h1>Oficina: 561 253 0426<\/h1>\n<\/div>\n<div class=\"about-staff-TR-R\">\n<p><img decoding=\"async\" loading=\"lazy\" title=\"Cell\" src=\"http:\/\/lawaguirre.com\/wp-content\/themes\/Chameleon\/images\/cell-icon.png\" alt=\"Cell\" \/><\/p>\n<h1>M\u00f3vil: 561 371 9775<\/h1>\n<\/div>\n<\/div>\n<\/div>\n<div class=\"about-staff-B\">\n<div class=\"about-staff-BL\">\n<p>Las asistentes del abogado Jos\u00e9 Luis Aguirre son Carmen Miguel Mart\u00edn, Marcos Perez Perez, y Esperanza Aguirre. Carmen nacio en Guatemala y es ciudadana de los Estados Unidos. Ella habla el Akateko y el Espa\u00f1ol. Marcos y Esperanza nacieron en los Estados Unidos. Se dedican a atender a los clientes de la firma de manera amigable y excepcional.<\/p>\n<\/div>\n<div class=\"about-staff-BR\"><img decoding=\"async\" loading=\"lazy\" title=\"About The Staff\" src=\"http:\/\/lawaguirre.com\/wp-content\/uploads\/2015\/03\/about-the-staff-image2.png\" alt=\"About The Staff\" \/><\/div>\n<\/div>\n<\/div>\n<div class=\"services\">\n<div class=\"services-T\">\n<h1>Servicios de Inmigraci\u00f3n<\/h1>\n<\/div>\n<div class=\"services-B\">\n<p>El abogado Aguirre provee representaci\u00f3n excepcional y competente para las necesidades migratorias de sus clientes. A trav\u00e9s de su conocimiento jur\u00eddico y amplia experiencia ha ayudado a sus clientes permanecer legalmente en los Estados Unidos y tambi\u00e9n inmigrar a este pa\u00eds a trav\u00e9s del proceso consular. Provee representaci\u00f3n en procesos de deportaci\u00f3n, DACA, TPS, permisos de readmission, mociones para reabrir casos, paro de deportaci\u00f3n, visas de inmigrantes basados en familia, audiencias de fianzas, naturalizaci\u00f3n, perdones, asilo pol\u00edtico, ajuste de estatus, Visas U,\u00a0apelaciones en la Junta de Apelaciones de Inmigraci\u00f3n, entre otras \u00e1reas de pr\u00e1ctica.<\/p>\n<\/div>\n<\/div>\n<div class=\"attorney-profile\">\n<div class=\"attorney-profile-T\">\n<h1>Perfil Del Abogado<\/h1>\n<\/div>\n<div class=\"attorney-profile-C\">\n<div class=\"attorney-profile-CL\"><img decoding=\"async\" loading=\"lazy\" title=\"About The Staff\" src=\"http:\/\/lawaguirre.com\/wp-content\/themes\/Chameleon\/images\/attorney-profile-image.png\" alt=\"About The Staff\" \/><\/div>\n<div class=\"attorney-profile-CR\">\n<p>El abogado Aguirre es presidente de Aguirre Law, P.A. Se graduo de derecho en Diciembre del a\u00f1o 2001, en Florida State University College of Law, en Tallahassee, Florida, y obtuvo su licenciatura en Mayo del a\u00f1o 1993 de<br \/>\nBrandeis University en Waltham, Massachusetts, Estados Unidos de America.<\/p>\n<\/div>\n<\/div>\n<div class=\"attorney-profile-B\">\n<p>Fue admitido al Colegio de Abogados de la Florida en Abril del a\u00f1o 2002. Es miembro de la Asociaci\u00f3n de Abogados de Inmigraci\u00f3n (AILA). Naci\u00f3 en Guatemala. \u00c9l es de origen Maya, habla Akateko y Espa\u00f1ol. Su experiencia de vida como inmigrante le da una perspectiva \u00fanica de las necesidades de inmigraci\u00f3n de sus clientes y le da pasi\u00f3n para abogar celosamente por sus clientes.<\/p>\n<\/div>\n<\/div>\n<div class=\"contact-us\">\n<div class=\"contact-us-T\">\n<h1>Direcciones<\/h1>\n<\/div>\n<div class=\"contact-us-B\">\n<div class=\"contact-us-B-section\">\n<p><b>Direcci\u00f3n Postal<\/b>Aguirre Law, P.A.<br \/>\nJos\u00e9 Luis Aguirre, Esq.<br \/>\nPO Box 20374<br \/>\nWest Palm Beach, FL 33416<\/p>\n<\/div>\n<div class=\"contact-us-B-section\">\n<p><b>Direcci\u00f3n de Oficina<br \/>\nAguirre Law, P.A.<br \/>\n1926 10th Avenue North, Suite 105<br \/>\nLake Worth, FL 33461<br \/>\nFax: 561-253-0446<\/b><\/p>\n<\/div>\n<\/div>\n<\/div>\n","protected":false},"excerpt":{"rendered":"<p>Sobre el Personal Oficina: 561 253 0426 M\u00f3vil: 561 371 9775 Las asistentes del abogado Jos\u00e9 Luis Aguirre son Carmen Miguel Mart\u00edn, Marcos Perez Perez, y Esperanza Aguirre. Carmen nacio en Guatemala y es ciudadana de los Estados Unidos. Ella habla el Akateko y el Espa\u00f1ol. Marcos y Esperanza nacieron en los Estados Unidos. Se &hellip; <\/p>\n<p class=\"link-more\"><a href=\"https:\/\/lawaguirre.com\/es\/inicio\/\" class=\"more-link\">Continue reading<span class=\"screen-reader-text\"> &#8220;Inicio&#8221;<\/span><\/a><\/p>\n","protected":false},"author":1,"featured_media":0,"parent":0,"menu_order":0,"comment_status":"closed","ping_status":"closed","template":"","meta":{"nf_dc_page":"","_regular_price":[],"currency_symbol":[],"footnotes":""},"class_list":["post-178","page","type-page","status-publish","hentry"],"post_slider_layout_featured_media_urls":{"thumbnail":"","post_slider_layout_landscape_large":"","post_slider_layout_portrait_large":"","post_slider_layout_square_large":"","post_slider_layout_landscape":"","post_slider_layout_portrait":"","post_slider_layout_square":"","full":""},"_links":{"self":[{"href":"https:\/\/lawaguirre.com\/es\/wp-json\/wp\/v2\/pages\/178","targetHints":{"allow":["GET"]}}],"collection":[{"href":"https:\/\/lawaguirre.com\/es\/wp-json\/wp\/v2\/pages"}],"about":[{"href":"https:\/\/lawaguirre.com\/es\/wp-json\/wp\/v2\/types\/page"}],"author":[{"embeddable":true,"href":"https:\/\/lawaguirre.com\/es\/wp-json\/wp\/v2\/users\/1"}],"replies":[{"embeddable":true,"href":"https:\/\/lawaguirre.com\/es\/wp-json\/wp\/v2\/comments?post=178"}],"version-history":[{"count":24,"href":"https:\/\/lawaguirre.com\/es\/wp-json\/wp\/v2\/pages\/178\/revisions"}],"predecessor-version":[{"id":381,"href":"https:\/\/lawaguirre.com\/es\/wp-json\/wp\/v2\/pages\/178\/revisions\/381"}],"wp:attachment":[{"href":"https:\/\/lawaguirre.com\/es\/wp-json\/wp\/v2\/media?parent=178"}],"curies":[{"name":"wp","href":"https:\/\/api.w.org\/{rel}","templated":true}]}}